{"id":3728,"date":"2022-09-10T11:28:24","date_gmt":"2022-09-10T08:28:24","guid":{"rendered":"https:\/\/istanbultercume.com\/unsere-dienstleistungen\/juristische-und-juristische-uebersetzungstexte\/"},"modified":"2023-03-20T11:20:04","modified_gmt":"2023-03-20T08:20:04","slug":"juristische-und-juristische-uebersetzungstexte","status":"publish","type":"page","link":"https:\/\/istanbultercume.com\/de\/unsere-dienstleistungen\/juristische-und-juristische-uebersetzungstexte\/","title":{"rendered":"Juristische und juristische \u00dcbersetzungstexte"},"content":{"rendered":"\t\t<div data-elementor-type=\"wp-page\" data-elementor-id=\"3728\" class=\"elementor elementor-3728 elementor-1078\" data-elementor-settings=\"[]\">\n\t\t\t\t\t\t\t<div class=\"elementor-section-wrap\">\n\t\t\t\t\t\t\t<section class=\"elementor-section elementor-top-section elementor-element elementor-element-421d5f17 elementor-section-boxed elementor-section-height-default elementor-section-height-default\" data-id=\"421d5f17\" data-element_type=\"section\" data-settings=\"{&quot;background_background&quot;:&quot;classic&quot;}\">\n\t\t\t\t\t\t\t<div class=\"elementor-background-overlay\"><\/div>\n\t\t\t\t\t\t\t<div class=\"elementor-container elementor-column-gap-no\">\n\t\t\t\t\t<div class=\"elementor-column elementor-col-50 elementor-top-column elementor-element elementor-element-60ab094d\" data-id=\"60ab094d\" data-element_type=\"column\">\n\t\t\t<div class=\"elementor-widget-wrap elementor-element-populated\">\n\t\t\t\t\t\t\t\t<div class=\"elementor-element elementor-element-66fff20e elementor-widget elementor-widget-heading\" data-id=\"66fff20e\" data-element_type=\"widget\" data-widget_type=\"heading.default\">\n\t\t\t\t<div class=\"elementor-widget-container\">\n\t\t\t<h6 class=\"elementor-heading-title elementor-size-default\">Istanbul \u00dcbersetzung | \u00dcbersetzungsb\u00fcro<\/h6>\t\t<\/div>\n\t\t\t\t<\/div>\n\t\t\t\t\t<\/div>\n\t\t<\/div>\n\t\t\t\t<div class=\"elementor-column elementor-col-50 elementor-top-column elementor-element elementor-element-4d32f77d\" data-id=\"4d32f77d\" data-element_type=\"column\">\n\t\t\t<div class=\"elementor-widget-wrap elementor-element-populated\">\n\t\t\t\t\t\t\t\t<div class=\"elementor-element elementor-element-7e0109fe elementor-icon-list--layout-inline elementor-align-right elementor-mobile-align-left elementor-list-item-link-full_width elementor-widget elementor-widget-icon-list\" data-id=\"7e0109fe\" data-element_type=\"widget\" data-widget_type=\"icon-list.default\">\n\t\t\t\t<div class=\"elementor-widget-container\">\n\t\t\t\t\t<ul class=\"elementor-icon-list-items elementor-inline-items\">\n\t\t\t\t\t\t\t<li class=\"elementor-icon-list-item elementor-inline-item\">\n\t\t\t\t\t<a href=\"https:\/\/istanbultercume.com\/de\/\">\t\t\t\t\t\t<span class=\"elementor-icon-list-icon\">\n\t\t\t\t\t\t\t<i aria-hidden=\"true\" class=\"fas fa-home\"><\/i>\t\t\t\t\t\t<\/span>\n\t\t\t\t\t\t\t\t\t\t<span class=\"elementor-icon-list-text\">Startseite<\/span>\n\t\t\t\t\t\t\t\t\t\t\t<\/a>\n\t\t\t\t\t\t\t\t\t<\/li>\n\t\t\t\t\t\t\t\t<li class=\"elementor-icon-list-item elementor-inline-item\">\n\t\t\t\t\t\t\t\t\t\t\t<span class=\"elementor-icon-list-icon\">\n\t\t\t\t\t\t\t<i aria-hidden=\"true\" class=\"fas fa-angle-right\"><\/i>\t\t\t\t\t\t<\/span>\n\t\t\t\t\t\t\t\t\t\t<span class=\"elementor-icon-list-text\"><\/span>\n\t\t\t\t\t\t\t\t\t<\/li>\n\t\t\t\t\t\t<\/ul>\n\t\t\t\t<\/div>\n\t\t\t\t<\/div>\n\t\t\t\t\t<\/div>\n\t\t<\/div>\n\t\t\t\t\t\t\t<\/div>\n\t\t<\/section>\n\t\t\t\t<section class=\"elementor-section elementor-top-section elementor-element elementor-element-6f2c9103 elementor-section-boxed elementor-section-height-default elementor-section-height-default\" data-id=\"6f2c9103\" data-element_type=\"section\">\n\t\t\t\t\t\t<div class=\"elementor-container elementor-column-gap-no\">\n\t\t\t\t\t<div class=\"elementor-column elementor-col-100 elementor-top-column elementor-element elementor-element-16e23804\" data-id=\"16e23804\" data-element_type=\"column\">\n\t\t\t<div class=\"elementor-widget-wrap elementor-element-populated\">\n\t\t\t\t\t\t\t\t<section class=\"elementor-section elementor-inner-section elementor-element elementor-element-3c8110e2 elementor-section-boxed elementor-section-height-default elementor-section-height-default\" data-id=\"3c8110e2\" data-element_type=\"section\">\n\t\t\t\t\t\t<div class=\"elementor-container elementor-column-gap-no\">\n\t\t\t\t\t<div class=\"elementor-column elementor-col-50 elementor-inner-column elementor-element elementor-element-ecbe282\" data-id=\"ecbe282\" data-element_type=\"column\">\n\t\t\t<div class=\"elementor-widget-wrap elementor-element-populated\">\n\t\t\t\t\t\t\t\t<div class=\"elementor-element elementor-element-6921b423 elementor-widget elementor-widget-heading\" data-id=\"6921b423\" data-element_type=\"widget\" data-widget_type=\"heading.default\">\n\t\t\t\t<div class=\"elementor-widget-container\">\n\t\t\t<h6 class=\"elementor-heading-title elementor-size-default\">Juristische und juristische \u00dcbersetzungstexte<\/h6>\t\t<\/div>\n\t\t\t\t<\/div>\n\t\t\t\t<div class=\"elementor-element elementor-element-4a1d7643 elementor-invisible elementor-widget elementor-widget-heading\" data-id=\"4a1d7643\" data-element_type=\"widget\" data-settings=\"{&quot;_animation&quot;:&quot;fadeInUp&quot;}\" data-widget_type=\"heading.default\">\n\t\t\t\t<div class=\"elementor-widget-container\">\n\t\t\t<h2 class=\"elementor-heading-title elementor-size-default\">Professioneller \u00dcbersetzungsdienst<\/h2>\t\t<\/div>\n\t\t\t\t<\/div>\n\t\t\t\t<div class=\"elementor-element elementor-element-51d71418 elementor-widget elementor-widget-text-editor\" data-id=\"51d71418\" data-element_type=\"widget\" data-widget_type=\"text-editor.default\">\n\t\t\t\t<div class=\"elementor-widget-container\">\n\t\t\t\t\t<div class=\"elementor-text-editor elementor-clearfix\"><p><span data-sheets-value=\"{&quot;1&quot;:2,&quot;2&quot;:&quot;Eine richterliche Eidesleistung wird abgelegt, indem vor der Justizkommission ein Eid geleistet wird, als Dolmetscher t\u00e4tig zu werden. Gleichzeitig werden auch Fachvortr\u00e4ge gehalten. Diese Dokumente sind die wichtigsten Dokumente f\u00fcr den im Juristischen Dolmetschen durchzuf\u00fchrenden \u00dcbersetzungsprozess. Personen mit diesen Dokumenten werden juristisch beeidigte \u00dcbersetzer und Fach\u00fcbersetzer genannt. Unser \u00dcbersetzungsb\u00fcro bietet die beste Arbeit f\u00fcr juristisch vereidigte \u00dcbersetzerunterst\u00fctzung und einen qualitativ hochwertigen \u00dcbersetzungsservice. Der juristische \u00dcbersetzungsprozess, der zu den von vielen Menschen bevorzugten \u00dcbersetzungsdiensten geh\u00f6rt, wird von unserem Unternehmen in einer Qualit\u00e4t vorbereitet, die den Erwartungen entspricht. Der juristische \u00dcbersetzer, der eine professionelle Arbeit erfordert, bietet die beste Leistung, da er ein vereidigter \u00dcbersetzer ist. Vereidigte \u00dcbersetzer, die Experten sind, erledigen viele \u00dcbersetzungsprozesse in jeder Studie optimal.&quot;}\" data-sheets-userformat=\"{&quot;2&quot;:33569215,&quot;3&quot;:{&quot;1&quot;:0,&quot;3&quot;:1},&quot;4&quot;:{&quot;1&quot;:2,&quot;2&quot;:16776960},&quot;5&quot;:{&quot;1&quot;:[{&quot;1&quot;:2,&quot;2&quot;:0,&quot;5&quot;:{&quot;1&quot;:0}},{&quot;1&quot;:0,&quot;2&quot;:0,&quot;3&quot;:3},{&quot;1&quot;:1,&quot;2&quot;:0,&quot;4&quot;:1}]},&quot;6&quot;:{&quot;1&quot;:[{&quot;1&quot;:2,&quot;2&quot;:0,&quot;5&quot;:{&quot;1&quot;:0}},{&quot;1&quot;:0,&quot;2&quot;:0,&quot;3&quot;:3},{&quot;1&quot;:1,&quot;2&quot;:0,&quot;4&quot;:1}]},&quot;7&quot;:{&quot;1&quot;:[{&quot;1&quot;:2,&quot;2&quot;:0,&quot;5&quot;:{&quot;1&quot;:0}},{&quot;1&quot;:0,&quot;2&quot;:0,&quot;3&quot;:3},{&quot;1&quot;:1,&quot;2&quot;:0,&quot;4&quot;:1}]},&quot;8&quot;:{&quot;1&quot;:[{&quot;1&quot;:2,&quot;2&quot;:0,&quot;5&quot;:{&quot;1&quot;:0}},{&quot;1&quot;:0,&quot;2&quot;:0,&quot;3&quot;:3},{&quot;1&quot;:1,&quot;2&quot;:0,&quot;4&quot;:1}]},&quot;10&quot;:1,&quot;11&quot;:4,&quot;14&quot;:{&quot;1&quot;:3,&quot;3&quot;:1},&quot;15&quot;:&quot;Times New Roman&quot;,&quot;16&quot;:12,&quot;28&quot;:1}\">Eine richterliche Eidesleistung wird abgelegt, indem vor der Justizkommission ein Eid geleistet wird, als Dolmetscher t\u00e4tig zu werden. Gleichzeitig werden auch Fachvortr\u00e4ge gehalten. Diese Dokumente sind die wichtigsten Dokumente f\u00fcr den im Juristischen Dolmetschen durchzuf\u00fchrenden \u00dcbersetzungsprozess. Personen mit diesen Dokumenten werden juristisch beeidigte \u00dcbersetzer und Fach\u00fcbersetzer genannt. Unser \u00dcbersetzungsb\u00fcro bietet die beste Arbeit f\u00fcr juristisch vereidigte \u00dcbersetzerunterst\u00fctzung und einen qualitativ hochwertigen \u00dcbersetzungsservice. Der juristische \u00dcbersetzungsprozess, der zu den von vielen Menschen bevorzugten \u00dcbersetzungsdiensten geh\u00f6rt, wird von unserem Unternehmen in einer Qualit\u00e4t vorbereitet, die den Erwartungen entspricht. Der juristische \u00dcbersetzer, der eine professionelle Arbeit erfordert, bietet die beste Leistung, da er ein vereidigter \u00dcbersetzer ist. Vereidigte \u00dcbersetzer, die Experten sind, erledigen viele \u00dcbersetzungsprozesse in jeder Studie optimal.<\/span><\/p>\n<\/div>\n\t\t\t\t<\/div>\n\t\t\t\t<\/div>\n\t\t\t\t\t<\/div>\n\t\t<\/div>\n\t\t\t\t<div class=\"elementor-column elementor-col-50 elementor-inner-column elementor-element elementor-element-9f7f179\" data-id=\"9f7f179\" data-element_type=\"column\" data-settings=\"{&quot;background_background&quot;:&quot;classic&quot;}\">\n\t\t\t<div class=\"elementor-widget-wrap elementor-element-populated\">\n\t\t\t\t\t\t\t\t<div class=\"elementor-element elementor-element-a1d4645 elementor-widget elementor-widget-spacer\" data-id=\"a1d4645\" data-element_type=\"widget\" data-widget_type=\"spacer.default\">\n\t\t\t\t<div class=\"elementor-widget-container\">\n\t\t\t\t\t<div class=\"elementor-spacer\">\n\t\t\t<div class=\"elementor-spacer-inner\"><\/div>\n\t\t<\/div>\n\t\t\t\t<\/div>\n\t\t\t\t<\/div>\n\t\t\t\t\t<\/div>\n\t\t<\/div>\n\t\t\t\t\t\t\t<\/div>\n\t\t<\/section>\n\t\t\t\t<section class=\"elementor-section elementor-inner-section elementor-element elementor-element-6391256c elementor-section-boxed elementor-section-height-default elementor-section-height-default\" data-id=\"6391256c\" data-element_type=\"section\">\n\t\t\t\t\t\t<div class=\"elementor-container elementor-column-gap-no\">\n\t\t\t\t\t<div class=\"elementor-column elementor-col-50 elementor-inner-column elementor-element elementor-element-72e2bee3\" data-id=\"72e2bee3\" data-element_type=\"column\" data-settings=\"{&quot;background_background&quot;:&quot;classic&quot;}\">\n\t\t\t<div class=\"elementor-widget-wrap elementor-element-populated\">\n\t\t\t\t\t\t\t\t<div class=\"elementor-element elementor-element-12b57eed elementor-widget elementor-widget-spacer\" data-id=\"12b57eed\" data-element_type=\"widget\" data-widget_type=\"spacer.default\">\n\t\t\t\t<div class=\"elementor-widget-container\">\n\t\t\t\t\t<div class=\"elementor-spacer\">\n\t\t\t<div class=\"elementor-spacer-inner\"><\/div>\n\t\t<\/div>\n\t\t\t\t<\/div>\n\t\t\t\t<\/div>\n\t\t\t\t\t<\/div>\n\t\t<\/div>\n\t\t\t\t<div class=\"elementor-column elementor-col-50 elementor-inner-column elementor-element elementor-element-2ccaafe0\" data-id=\"2ccaafe0\" data-element_type=\"column\">\n\t\t\t<div class=\"elementor-widget-wrap elementor-element-populated\">\n\t\t\t\t\t\t\t\t<div class=\"elementor-element elementor-element-4cc978c6 elementor-invisible elementor-widget elementor-widget-heading\" data-id=\"4cc978c6\" data-element_type=\"widget\" data-settings=\"{&quot;_animation&quot;:&quot;fadeInRight&quot;}\" data-widget_type=\"heading.default\">\n\t\t\t\t<div class=\"elementor-widget-container\">\n\t\t\t<h3 class=\"elementor-heading-title elementor-size-default\">Wie wird man ein Juristischer Dolmetscher?<\/h3>\t\t<\/div>\n\t\t\t\t<\/div>\n\t\t\t\t<div class=\"elementor-element elementor-element-3e4b738e elementor-widget elementor-widget-heading\" data-id=\"3e4b738e\" data-element_type=\"widget\" data-widget_type=\"heading.default\">\n\t\t\t\t<div class=\"elementor-widget-container\">\n\t\t\t<div class=\"elementor-heading-title elementor-size-default\">In den f\u00fcr Juristische \u00dcbersetzungen in vielen Bereichen erforderlichen Studien sollten \u00dcbersetzungsprozesse von fachkundigen \u00dcbersetzern vorbereitet werden. Ein vereidigter \u00dcbersetzer muss bestimmte Voraussetzungen erf\u00fcllen, um vor Gericht als Dolmetscher f\u00fcr verschiedene Fachgebiete t\u00e4tig werden zu k\u00f6nnen. <ul><li>Nach Abschluss des Verbs Lizenz<\/li><li>T\u00fcrkischer Staatsb\u00fcrger sein<\/li><li>Mindestens Grundschulabschluss<\/li><li>\u00dcber 18 Jahre alt sein<\/li><li>Nicht wegen Verbrechen gegen den Staat verurteilt zu werden<\/li><li>Der Juristisch vereidigte \u00dcbersetzer muss zum Zeitpunkt der Antragstellung innerhalb der Landesgrenzen wohnen.<\/li><li>Nicht auf der Liste einer anderen Kommission zu stehen<\/li><li>Die Eigenschaften, die f\u00fcr den nach den oben genannten Bedingungen ausgew\u00e4hlten vereidigten \u00dcbersetzer festgelegt werden, sind sehr wichtig.<\/li><\/ul><\/div>\t\t<\/div>\n\t\t\t\t<\/div>\n\t\t\t\t\t<\/div>\n\t\t<\/div>\n\t\t\t\t\t\t\t<\/div>\n\t\t<\/section>\n\t\t\t\t\t<\/div>\n\t\t<\/div>\n\t\t\t\t\t\t\t<\/div>\n\t\t<\/section>\n\t\t\t\t<section class=\"elementor-section elementor-top-section elementor-element elementor-element-e7686b1 elementor-section-boxed elementor-section-height-default elementor-section-height-default\" data-id=\"e7686b1\" data-element_type=\"section\">\n\t\t\t\t\t\t<div class=\"elementor-container elementor-column-gap-default\">\n\t\t\t\t\t<div class=\"elementor-column elementor-col-100 elementor-top-column elementor-element elementor-element-24d0aae\" data-id=\"24d0aae\" data-element_type=\"column\">\n\t\t\t<div class=\"elementor-widget-wrap elementor-element-populated\">\n\t\t\t\t\t\t\t\t<div class=\"elementor-element elementor-element-8452dcc elementor-invisible elementor-widget elementor-widget-heading\" data-id=\"8452dcc\" data-element_type=\"widget\" data-settings=\"{&quot;_animation&quot;:&quot;fadeInRight&quot;}\" data-widget_type=\"heading.default\">\n\t\t\t\t<div class=\"elementor-widget-container\">\n\t\t\t<h3 class=\"elementor-heading-title elementor-size-default\">Dolmetschleistungen und Preise im Juristischen Gebiet<\/h3>\t\t<\/div>\n\t\t\t\t<\/div>\n\t\t\t\t<div class=\"elementor-element elementor-element-dc37306 elementor-widget elementor-widget-heading\" data-id=\"dc37306\" data-element_type=\"widget\" data-widget_type=\"heading.default\">\n\t\t\t\t<div class=\"elementor-widget-container\">\n\t\t\t<div class=\"elementor-heading-title elementor-size-default\">Wann immer ein Antrag auf Dolmetscherdienste im Gerichtsgeb\u00e4ude gestellt wird, erh\u00e4lt unser \u00dcbersetzungsb\u00fcro Dienstleistungen in der \u00dcbersetzung vieler Sprachen zusammen mit dem besten Service. Da wir ein internationales \u00dcbersetzungsunternehmen sind, das in 120 Sprachen \u00fcbersetzt, bieten wir immer eine Teamarbeit, die den Unterschied macht. Wir bieten sowohl professionellen Service als auch die Zusammenarbeit mit erfahrenen \u00dcbersetzern. Wir sind weiterhin ein Unternehmen, das Dienstleistungen in Anwesenheit von vereidigten Fach\u00fcbersetzern f\u00fcr das Dolmetschen im Juristischen Gebiet erbringt. F\u00fcr unser Unternehmen, das die Erwartungen bestens erf\u00fcllt, sind p\u00fcnktliche Lieferung und fehlerfreies Arbeiten sehr wichtig. In Bezug auf die juristische Korrespondenz ist die Preisspanne, die wir f\u00fcr die \u00dcbersetzung von Dokumenten anbieten, durchaus angemessen. Unser Unternehmen wird von vielen Menschen wegen seiner Qualit\u00e4t und Zubereitung mit der gew\u00fcnschten Sorgfalt bevorzugt.<\/div>\t\t<\/div>\n\t\t\t\t<\/div>\n\t\t\t\t\t<\/div>\n\t\t<\/div>\n\t\t\t\t\t\t\t<\/div>\n\t\t<\/section>\n\t\t\t\t\t\t<\/div>\n\t\t\t\t\t<\/div>\n\t\t","protected":false},"excerpt":{"rendered":"<p>Istanbul \u00dcbersetzung | \u00dcbersetzungsb\u00fcro Startseite Professioneller \u00dcbersetzungsdienst Eine richterliche Eidesleistung wird abgelegt, indem vor der Justizkommission ein Eid geleistet wird, als Dolmetscher t\u00e4tig zu werden. Gleichzeitig werden auch Fachvortr\u00e4ge gehalten. Diese Dokumente sind die wichtigsten Dokumente f\u00fcr den im Juristischen Dolmetschen durchzuf\u00fchrenden \u00dcbersetzungsprozess. Personen mit diesen Dokumenten werden juristisch beeidigte \u00dcbersetzer und Fach\u00fcbersetzer genannt. Unser [&hellip;]<\/p>\n","protected":false},"author":1,"featured_media":0,"parent":3716,"menu_order":0,"comment_status":"closed","ping_status":"closed","template":"elementor_header_footer","meta":{"om_disable_all_campaigns":false},"aioseo_notices":[],"_links":{"self":[{"href":"https:\/\/istanbultercume.com\/de\/wp-json\/wp\/v2\/pages\/3728"}],"collection":[{"href":"https:\/\/istanbultercume.com\/de\/wp-json\/wp\/v2\/pages"}],"about":[{"href":"https:\/\/istanbultercume.com\/de\/wp-json\/wp\/v2\/types\/page"}],"author":[{"embeddable":true,"href":"https:\/\/istanbultercume.com\/de\/wp-json\/wp\/v2\/users\/1"}],"replies":[{"embeddable":true,"href":"https:\/\/istanbultercume.com\/de\/wp-json\/wp\/v2\/comments?post=3728"}],"version-history":[{"count":5,"href":"https:\/\/istanbultercume.com\/de\/wp-json\/wp\/v2\/pages\/3728\/revisions"}],"predecessor-version":[{"id":3736,"href":"https:\/\/istanbultercume.com\/de\/wp-json\/wp\/v2\/pages\/3728\/revisions\/3736"}],"up":[{"embeddable":true,"href":"https:\/\/istanbultercume.com\/de\/wp-json\/wp\/v2\/pages\/3716"}],"wp:attachment":[{"href":"https:\/\/istanbultercume.com\/de\/wp-json\/wp\/v2\/media?parent=3728"}],"curies":[{"name":"wp","href":"https:\/\/api.w.org\/{rel}","templated":true}]}}